{"id":170,"date":"2020-10-18T14:46:33","date_gmt":"2020-10-18T12:46:33","guid":{"rendered":"http:\/\/tyguyvitraux.com\/wordpress\/?page_id=170"},"modified":"2020-10-18T15:27:01","modified_gmt":"2020-10-18T13:27:01","slug":"prestations","status":"publish","type":"page","link":"https:\/\/tyguyvitraux.com\/wordpress\/prestations\/","title":{"rendered":"Prestations"},"content":{"rendered":"\n<h1 class=\"titre\"> <img style=\"margin-right: 20px\" src=\"http:\/\/tyguyvitraux.com\/wordpress\/wp-content\/uploads\/2020\/10\/vitraux.png\">EVENEMENTIELS <img class=\"margin-left: 20px\" src=\"http:\/\/tyguyvitraux.com\/wordpress\/wp-content\/uploads\/2020\/10\/trait-rouge.png\"><\/h1>\n\n\n\n<div class=\"wp-block-group\"><div class=\"wp-block-group__inner-container\">\n<figure class=\"wp-block-gallery columns-2 is-cropped\"><ul class=\"blocks-gallery-grid\"><li class=\"blocks-gallery-item\"><figure><img loading=\"lazy\" width=\"1024\" height=\"579\" src=\"http:\/\/tyguyvitraux.com\/wordpress\/wp-content\/uploads\/2020\/10\/photo27-1024x579.jpg\" alt=\"\" data-id=\"175\" data-link=\"http:\/\/tyguyvitraux.com\/wordpress\/prestations\/photo27\/\" class=\"wp-image-175\" srcset=\"https:\/\/tyguyvitraux.com\/wordpress\/wp-content\/uploads\/2020\/10\/photo27-1024x579.jpg 1024w, https:\/\/tyguyvitraux.com\/wordpress\/wp-content\/uploads\/2020\/10\/photo27-300x170.jpg 300w, https:\/\/tyguyvitraux.com\/wordpress\/wp-content\/uploads\/2020\/10\/photo27-768x434.jpg 768w, https:\/\/tyguyvitraux.com\/wordpress\/wp-content\/uploads\/2020\/10\/photo27-1536x869.jpg 1536w, https:\/\/tyguyvitraux.com\/wordpress\/wp-content\/uploads\/2020\/10\/photo27-2048x1158.jpg 2048w, https:\/\/tyguyvitraux.com\/wordpress\/wp-content\/uploads\/2020\/10\/photo27-520x294.jpg 520w, https:\/\/tyguyvitraux.com\/wordpress\/wp-content\/uploads\/2020\/10\/photo27-940x532.jpg 940w\" sizes=\"(max-width: 1024px) 100vw, 1024px\" \/><figcaption class=\"blocks-gallery-item__caption\">Expos<\/figcaption><\/figure><\/li><li class=\"blocks-gallery-item\"><figure><img loading=\"lazy\" width=\"1024\" height=\"768\" src=\"http:\/\/tyguyvitraux.com\/wordpress\/wp-content\/uploads\/2020\/10\/photo22-1024x768.jpg\" alt=\"\" data-id=\"176\" data-full-url=\"http:\/\/tyguyvitraux.com\/wordpress\/wp-content\/uploads\/2020\/10\/photo22-scaled.jpg\" data-link=\"http:\/\/tyguyvitraux.com\/wordpress\/prestations\/photo22\/\" class=\"wp-image-176\" srcset=\"https:\/\/tyguyvitraux.com\/wordpress\/wp-content\/uploads\/2020\/10\/photo22-1024x768.jpg 1024w, https:\/\/tyguyvitraux.com\/wordpress\/wp-content\/uploads\/2020\/10\/photo22-300x225.jpg 300w, https:\/\/tyguyvitraux.com\/wordpress\/wp-content\/uploads\/2020\/10\/photo22-768x576.jpg 768w, https:\/\/tyguyvitraux.com\/wordpress\/wp-content\/uploads\/2020\/10\/photo22-1536x1152.jpg 1536w, https:\/\/tyguyvitraux.com\/wordpress\/wp-content\/uploads\/2020\/10\/photo22-2048x1536.jpg 2048w, https:\/\/tyguyvitraux.com\/wordpress\/wp-content\/uploads\/2020\/10\/photo22-520x390.jpg 520w, https:\/\/tyguyvitraux.com\/wordpress\/wp-content\/uploads\/2020\/10\/photo22-940x705.jpg 940w\" sizes=\"(max-width: 1024px) 100vw, 1024px\" \/><figcaption class=\"blocks-gallery-item__caption\">Salons<\/figcaption><\/figure><\/li><\/ul><\/figure>\n\n\n\n<br><br>\n<\/div><\/div>\n\n\n\n<h1 class=\"titre\"> <img style=\"margin-right: 20px\" src=\"http:\/\/tyguyvitraux.com\/wordpress\/wp-content\/uploads\/2020\/10\/vitraux.png\">STAGES <img class=\"margin-left: 20px\" src=\"http:\/\/tyguyvitraux.com\/wordpress\/wp-content\/uploads\/2020\/10\/trait-rouge.png\"><\/h1>\n\n\n\n<figure class=\"wp-block-gallery columns-2 is-cropped\"><ul class=\"blocks-gallery-grid\"><li class=\"blocks-gallery-item\"><figure><img loading=\"lazy\" width=\"1024\" height=\"576\" src=\"http:\/\/tyguyvitraux.com\/wordpress\/wp-content\/uploads\/2020\/10\/photo1-1-1024x576.jpg\" alt=\"\" data-id=\"179\" data-link=\"http:\/\/tyguyvitraux.com\/wordpress\/prestations\/photo1-1\/\" class=\"wp-image-179\" srcset=\"https:\/\/tyguyvitraux.com\/wordpress\/wp-content\/uploads\/2020\/10\/photo1-1-1024x576.jpg 1024w, https:\/\/tyguyvitraux.com\/wordpress\/wp-content\/uploads\/2020\/10\/photo1-1-300x169.jpg 300w, https:\/\/tyguyvitraux.com\/wordpress\/wp-content\/uploads\/2020\/10\/photo1-1-768x432.jpg 768w, https:\/\/tyguyvitraux.com\/wordpress\/wp-content\/uploads\/2020\/10\/photo1-1-1536x865.jpg 1536w, https:\/\/tyguyvitraux.com\/wordpress\/wp-content\/uploads\/2020\/10\/photo1-1-2048x1153.jpg 2048w, https:\/\/tyguyvitraux.com\/wordpress\/wp-content\/uploads\/2020\/10\/photo1-1-520x293.jpg 520w, https:\/\/tyguyvitraux.com\/wordpress\/wp-content\/uploads\/2020\/10\/photo1-1-940x529.jpg 940w\" sizes=\"(max-width: 1024px) 100vw, 1024px\" \/><figcaption class=\"blocks-gallery-item__caption\">El\u00e9ves<\/figcaption><\/figure><\/li><li class=\"blocks-gallery-item\"><figure><img loading=\"lazy\" width=\"1024\" height=\"768\" src=\"http:\/\/tyguyvitraux.com\/wordpress\/wp-content\/uploads\/2020\/10\/photo23-1024x768.jpg\" alt=\"\" data-id=\"180\" data-full-url=\"http:\/\/tyguyvitraux.com\/wordpress\/wp-content\/uploads\/2020\/10\/photo23-scaled.jpg\" data-link=\"http:\/\/tyguyvitraux.com\/wordpress\/prestations\/photo23\/\" class=\"wp-image-180\" srcset=\"https:\/\/tyguyvitraux.com\/wordpress\/wp-content\/uploads\/2020\/10\/photo23-1024x768.jpg 1024w, https:\/\/tyguyvitraux.com\/wordpress\/wp-content\/uploads\/2020\/10\/photo23-300x225.jpg 300w, https:\/\/tyguyvitraux.com\/wordpress\/wp-content\/uploads\/2020\/10\/photo23-768x576.jpg 768w, https:\/\/tyguyvitraux.com\/wordpress\/wp-content\/uploads\/2020\/10\/photo23-1536x1152.jpg 1536w, https:\/\/tyguyvitraux.com\/wordpress\/wp-content\/uploads\/2020\/10\/photo23-2048x1536.jpg 2048w, https:\/\/tyguyvitraux.com\/wordpress\/wp-content\/uploads\/2020\/10\/photo23-520x390.jpg 520w, https:\/\/tyguyvitraux.com\/wordpress\/wp-content\/uploads\/2020\/10\/photo23-940x705.jpg 940w\" sizes=\"(max-width: 1024px) 100vw, 1024px\" \/><figcaption class=\"blocks-gallery-item__caption\">Adultes<\/figcaption><\/figure><\/li><\/ul><\/figure>\n\n\n\n<br><br>\n\n\n\n<h1 class=\"titre\"> <img style=\"margin-right: 20px\" src=\"http:\/\/tyguyvitraux.com\/wordpress\/wp-content\/uploads\/2020\/10\/vitraux.png\">REALISATION TROPHEES <img class=\"margin-left: 20px\" src=\"http:\/\/tyguyvitraux.com\/wordpress\/wp-content\/uploads\/2020\/10\/trait-rouge.png\"><\/h1>\n\n\n\n<figure class=\"wp-block-gallery aligncenter columns-2 is-cropped\"><ul class=\"blocks-gallery-grid\"><li class=\"blocks-gallery-item\"><figure><img loading=\"lazy\" width=\"729\" height=\"1024\" src=\"http:\/\/tyguyvitraux.com\/wordpress\/wp-content\/uploads\/2020\/10\/blason1-729x1024.jpg\" alt=\"\" data-id=\"184\" data-link=\"http:\/\/tyguyvitraux.com\/wordpress\/prestations\/blason1\/\" class=\"wp-image-184\" srcset=\"https:\/\/tyguyvitraux.com\/wordpress\/wp-content\/uploads\/2020\/10\/blason1-729x1024.jpg 729w, https:\/\/tyguyvitraux.com\/wordpress\/wp-content\/uploads\/2020\/10\/blason1-214x300.jpg 214w, https:\/\/tyguyvitraux.com\/wordpress\/wp-content\/uploads\/2020\/10\/blason1-768x1078.jpg 768w, https:\/\/tyguyvitraux.com\/wordpress\/wp-content\/uploads\/2020\/10\/blason1-1094x1536.jpg 1094w, https:\/\/tyguyvitraux.com\/wordpress\/wp-content\/uploads\/2020\/10\/blason1-1459x2048.jpg 1459w, https:\/\/tyguyvitraux.com\/wordpress\/wp-content\/uploads\/2020\/10\/blason1-520x730.jpg 520w, https:\/\/tyguyvitraux.com\/wordpress\/wp-content\/uploads\/2020\/10\/blason1-940x1320.jpg 940w, https:\/\/tyguyvitraux.com\/wordpress\/wp-content\/uploads\/2020\/10\/blason1.jpg 1520w\" sizes=\"(max-width: 729px) 100vw, 729px\" \/><figcaption class=\"blocks-gallery-item__caption\">Associations<\/figcaption><\/figure><\/li><li class=\"blocks-gallery-item\"><figure><img loading=\"lazy\" width=\"388\" height=\"384\" src=\"http:\/\/tyguyvitraux.com\/wordpress\/wp-content\/uploads\/2020\/10\/trophee.jpg\" alt=\"\" data-id=\"185\" data-full-url=\"http:\/\/tyguyvitraux.com\/wordpress\/wp-content\/uploads\/2020\/10\/trophee.jpg\" data-link=\"http:\/\/tyguyvitraux.com\/wordpress\/prestations\/trophee\/\" class=\"wp-image-185\" srcset=\"https:\/\/tyguyvitraux.com\/wordpress\/wp-content\/uploads\/2020\/10\/trophee.jpg 388w, https:\/\/tyguyvitraux.com\/wordpress\/wp-content\/uploads\/2020\/10\/trophee-300x297.jpg 300w\" sizes=\"(max-width: 388px) 100vw, 388px\" \/><figcaption class=\"blocks-gallery-item__caption\">Communes<\/figcaption><\/figure><\/li><\/ul><\/figure>\n\n\n\n<br><br>\n\n\n\n<h1 class=\"titre\"> <img style=\"margin-right: 20px\" src=\"http:\/\/tyguyvitraux.com\/wordpress\/wp-content\/uploads\/2020\/10\/vitraux.png\">CONFERENCES <img class=\"margin-left: 20px\" src=\"http:\/\/tyguyvitraux.com\/wordpress\/wp-content\/uploads\/2020\/10\/trait-rouge.png\"><\/h1>\n\n\n\n<figure class=\"wp-block-gallery columns-2 is-cropped\"><ul class=\"blocks-gallery-grid\"><li class=\"blocks-gallery-item\"><figure><img loading=\"lazy\" width=\"579\" height=\"1024\" src=\"http:\/\/tyguyvitraux.com\/wordpress\/wp-content\/uploads\/2020\/10\/photo24-579x1024.jpg\" alt=\"\" data-id=\"187\" data-link=\"http:\/\/tyguyvitraux.com\/wordpress\/prestations\/photo24\/\" class=\"wp-image-187\" srcset=\"https:\/\/tyguyvitraux.com\/wordpress\/wp-content\/uploads\/2020\/10\/photo24-579x1024.jpg 579w, https:\/\/tyguyvitraux.com\/wordpress\/wp-content\/uploads\/2020\/10\/photo24-170x300.jpg 170w, https:\/\/tyguyvitraux.com\/wordpress\/wp-content\/uploads\/2020\/10\/photo24-768x1358.jpg 768w, https:\/\/tyguyvitraux.com\/wordpress\/wp-content\/uploads\/2020\/10\/photo24-869x1536.jpg 869w, https:\/\/tyguyvitraux.com\/wordpress\/wp-content\/uploads\/2020\/10\/photo24-1158x2048.jpg 1158w, https:\/\/tyguyvitraux.com\/wordpress\/wp-content\/uploads\/2020\/10\/photo24-520x920.jpg 520w, https:\/\/tyguyvitraux.com\/wordpress\/wp-content\/uploads\/2020\/10\/photo24-940x1662.jpg 940w, https:\/\/tyguyvitraux.com\/wordpress\/wp-content\/uploads\/2020\/10\/photo24-scaled.jpg 1448w\" sizes=\"(max-width: 579px) 100vw, 579px\" \/><\/figure><\/li><li class=\"blocks-gallery-item\"><figure><img loading=\"lazy\" width=\"579\" height=\"1024\" src=\"http:\/\/tyguyvitraux.com\/wordpress\/wp-content\/uploads\/2020\/10\/photo25-579x1024.jpg\" alt=\"\" data-id=\"188\" data-full-url=\"http:\/\/tyguyvitraux.com\/wordpress\/wp-content\/uploads\/2020\/10\/photo25-scaled.jpg\" data-link=\"http:\/\/tyguyvitraux.com\/wordpress\/prestations\/photo25\/\" class=\"wp-image-188\" srcset=\"https:\/\/tyguyvitraux.com\/wordpress\/wp-content\/uploads\/2020\/10\/photo25-579x1024.jpg 579w, https:\/\/tyguyvitraux.com\/wordpress\/wp-content\/uploads\/2020\/10\/photo25-170x300.jpg 170w, https:\/\/tyguyvitraux.com\/wordpress\/wp-content\/uploads\/2020\/10\/photo25-768x1358.jpg 768w, https:\/\/tyguyvitraux.com\/wordpress\/wp-content\/uploads\/2020\/10\/photo25-869x1536.jpg 869w, https:\/\/tyguyvitraux.com\/wordpress\/wp-content\/uploads\/2020\/10\/photo25-1158x2048.jpg 1158w, https:\/\/tyguyvitraux.com\/wordpress\/wp-content\/uploads\/2020\/10\/photo25-520x920.jpg 520w, https:\/\/tyguyvitraux.com\/wordpress\/wp-content\/uploads\/2020\/10\/photo25-940x1662.jpg 940w, https:\/\/tyguyvitraux.com\/wordpress\/wp-content\/uploads\/2020\/10\/photo25-scaled.jpg 1448w\" sizes=\"(max-width: 579px) 100vw, 579px\" \/><\/figure><\/li><\/ul><\/figure>\n\n\n\n<br><br>\n\n\n\n<h1 class=\"titre\"> <img style=\"margin-right: 20px\" src=\"http:\/\/tyguyvitraux.com\/wordpress\/wp-content\/uploads\/2020\/10\/vitraux.png\">CONDITIONS <img class=\"margin-left: 20px\" src=\"http:\/\/tyguyvitraux.com\/wordpress\/wp-content\/uploads\/2020\/10\/trait-rouge.png\"><\/h1>\n\n\n\n<p class=\"has-large-font-size\">Stage<\/p>\n\n\n\n<p>Initiation: 3 heures<\/p>\n\n\n\n<ul><li>Couper du verre <\/li><li>R\u00e9aliser une petite pi\u00e8ce suivant la technique souhait\u00e9e<\/li><li>Nombre de personnes: 3 maximum<\/li><\/ul>\n\n\n\n<p>Perfectionnement<\/p>\n\n\n\n<ul><li>R\u00e9alisation d&rsquo;une pi\u00e8ce<\/li><li>Co\u00fbt: 10\u20ac \/ heure + verre<\/li><\/ul>\n\n\n\n<p><\/p>\n\n\n\n<p class=\"has-large-font-size\">Conf\u00e9rences<\/p>\n\n\n\n<ul><li>Connaissance du verre<\/li><li>Histoire du verre depuis 5 000 ans<\/li><li>Symbolique concernant la r\u00e9alisation des vitraux dans les \u00e9glises.<\/li><li>Dur\u00e9e:<ul><li>de 0h30 : 50\u20ac + frais de d\u00e9placement*<\/li><li>\u00e0 1h30: 150\u20ac + frais de d\u00e9placement*<\/li><\/ul><\/li><\/ul>\n\n\n\n<p class=\"has-small-font-size\">*en fonction public<\/p>\n","protected":false},"excerpt":{"rendered":"<p>EVENEMENTIELS STAGES REALISATION TROPHEES CONFERENCES CONDITIONS Stage Initiation: 3 heures Couper du verre R\u00e9aliser une petite pi\u00e8ce suivant la technique souhait\u00e9e Nombre de personnes: 3 maximum Perfectionnement R\u00e9alisation d&rsquo;une pi\u00e8ce Co\u00fbt: 10\u20ac \/ heure + verre Conf\u00e9rences Connaissance du verre Histoire du verre depuis 5 000 ans Symbolique concernant la r\u00e9alisation des vitraux dans les&#46;&#46;&#46;<\/p>\n","protected":false},"author":1,"featured_media":0,"parent":0,"menu_order":0,"comment_status":"closed","ping_status":"closed","template":"","meta":[],"_links":{"self":[{"href":"https:\/\/tyguyvitraux.com\/wordpress\/wp-json\/wp\/v2\/pages\/170"}],"collection":[{"href":"https:\/\/tyguyvitraux.com\/wordpress\/wp-json\/wp\/v2\/pages"}],"about":[{"href":"https:\/\/tyguyvitraux.com\/wordpress\/wp-json\/wp\/v2\/types\/page"}],"author":[{"embeddable":true,"href":"https:\/\/tyguyvitraux.com\/wordpress\/wp-json\/wp\/v2\/users\/1"}],"replies":[{"embeddable":true,"href":"https:\/\/tyguyvitraux.com\/wordpress\/wp-json\/wp\/v2\/comments?post=170"}],"version-history":[{"count":14,"href":"https:\/\/tyguyvitraux.com\/wordpress\/wp-json\/wp\/v2\/pages\/170\/revisions"}],"predecessor-version":[{"id":196,"href":"https:\/\/tyguyvitraux.com\/wordpress\/wp-json\/wp\/v2\/pages\/170\/revisions\/196"}],"wp:attachment":[{"href":"https:\/\/tyguyvitraux.com\/wordpress\/wp-json\/wp\/v2\/media?parent=170"}],"curies":[{"name":"wp","href":"https:\/\/api.w.org\/{rel}","templated":true}]}}